{"id":458,"date":"2025-08-24T19:42:48","date_gmt":"2025-08-24T17:42:48","guid":{"rendered":"https:\/\/jimmyfj.dk\/?page_id=458"},"modified":"2025-10-19T15:48:17","modified_gmt":"2025-10-19T13:48:17","slug":"misbruger","status":"publish","type":"page","link":"https:\/\/jimmyfj.dk\/index.php\/misbruger\/","title":{"rendered":"Misbruger?"},"content":{"rendered":"\n<div class=\"wp-block-group alignfull has-global-padding is-layout-constrained wp-container-core-group-is-layout-8a2b1b76 wp-block-group-is-layout-constrained\" style=\"padding-top:var(--wp--preset--spacing--50);padding-right:var(--wp--preset--spacing--50);padding-bottom:var(--wp--preset--spacing--50);padding-left:var(--wp--preset--spacing--50)\">\n<div class=\"wp-block-group has-global-padding is-layout-constrained wp-container-core-group-is-layout-2bf980eb wp-block-group-is-layout-constrained\">\n<h1 class=\"wp-block-heading has-text-align-center has-x-large-font-size\">Har du et misbrug af rusmidler? Fortvivl ikke!<\/h1>\n\n\n\n<div style=\"height:1.25rem\" aria-hidden=\"true\" class=\"wp-block-spacer\"><\/div>\n\n\n\n<p class=\"has-text-align-center wp-block-paragraph\">Et misbrug er ikke en station\u00e6r tilstand &#8211; Du kan stoppe i det \u00f8jeblik du \u00f8nsker at tr\u00e6de ind i et liv uden misbrug<\/p>\n\n\n\n<div style=\"height:1.25rem\" aria-hidden=\"true\" class=\"wp-block-spacer\"><\/div>\n\n\n\n<div class=\"wp-block-buttons is-content-justification-center is-layout-flex wp-container-core-buttons-is-layout-0aa01211 wp-block-buttons-is-layout-flex\">\n<div class=\"wp-block-button\"><a class=\"wp-block-button__link wp-element-button\" href=\"https:\/\/www.jimmyfj.dk\">Forsiden<\/a><\/div>\n<\/div>\n<\/div>\n\n\n\n<div style=\"height:var(--wp--preset--spacing--30)\" aria-hidden=\"true\" class=\"wp-block-spacer\"><\/div>\n\n\n\n<figure class=\"wp-block-image aligncenter size-full is-resized\"><img loading=\"lazy\" decoding=\"async\" width=\"960\" height=\"538\" src=\"https:\/\/jimmyfj.dk\/wp-content\/uploads\/2025\/08\/476632278_10231572618031733_3841906667488225523_n-1.jpg\" alt=\"\" class=\"wp-image-460\" style=\"aspect-ratio:1.7844133651122003;width:556px;height:auto\" srcset=\"https:\/\/jimmyfj.dk\/wp-content\/uploads\/2025\/08\/476632278_10231572618031733_3841906667488225523_n-1.jpg 960w, https:\/\/jimmyfj.dk\/wp-content\/uploads\/2025\/08\/476632278_10231572618031733_3841906667488225523_n-1-300x168.jpg 300w, https:\/\/jimmyfj.dk\/wp-content\/uploads\/2025\/08\/476632278_10231572618031733_3841906667488225523_n-1-768x430.jpg 768w\" sizes=\"auto, (max-width: 960px) 100vw, 960px\" \/><\/figure>\n<\/div>\n\n\n\n<div class=\"wp-block-group alignfull has-base-2-background-color has-background has-global-padding is-layout-constrained wp-container-core-group-is-layout-73128380 wp-block-group-is-layout-constrained\" style=\"margin-top:0;margin-bottom:0;padding-top:var(--wp--preset--spacing--50);padding-right:var(--wp--preset--spacing--50);padding-bottom:var(--wp--preset--spacing--50);padding-left:var(--wp--preset--spacing--50)\">\n<div class=\"wp-block-group is-vertical is-content-justification-center is-layout-flex wp-container-core-group-is-layout-0009407c wp-block-group-is-layout-flex\">\n<h2 class=\"wp-block-heading has-text-align-center is-style-asterisk\">Vejen ud af et misbrug kr\u00e6ver ikke andet end det f\u00f8rste skridt<\/h2>\n\n\n\n<div style=\"height:0px\" aria-hidden=\"true\" class=\"wp-block-spacer wp-container-content-4f2ccadb\"><\/div>\n\n\n\n<p class=\"has-text-align-center wp-block-paragraph\">\u00d8nsker du at stoppe et misbrug s\u00e5 er det eneste det kr\u00e6ver, at du lader den F\u00d8RSTE ST\u00c5<\/p>\n<\/div>\n\n\n\n<div style=\"margin-top:0;margin-bottom:0;height:var(--wp--preset--spacing--40)\" aria-hidden=\"true\" class=\"wp-block-spacer\"><\/div>\n\n\n\n<div class=\"wp-block-columns alignwide is-layout-flex wp-container-core-columns-is-layout-d525a65d wp-block-columns-is-layout-flex\">\n<div class=\"wp-block-column is-layout-flow wp-container-core-column-is-layout-da384c3e wp-block-column-is-layout-flow\">\n<h3 class=\"wp-block-heading has-text-align-left is-style-asterisk has-body-font-family has-medium-font-size\" style=\"font-style:normal;font-weight:700\">Lad den f\u00f8rste st\u00e5<\/h3>\n\n\n\n<p class=\"has-text-align-left wp-block-paragraph\">Du kan ikke line ti genstande op, tage den tiende og tro at du sprang den f\u00f8rste over &#8211; Du har <strong><em>stadig<\/em><\/strong> taget den f\u00f8rste, og s\u00e5 \u00e9r toget sat i gang.<\/p>\n<\/div>\n\n\n\n<div class=\"wp-block-column is-layout-flow wp-container-core-column-is-layout-da384c3e wp-block-column-is-layout-flow\">\n<h3 class=\"wp-block-heading has-text-align-left is-style-asterisk has-body-font-family has-medium-font-size\" style=\"font-style:normal;font-weight:700\">Hvad \u00e9r det ved rusen der tiltr\u00e6kker<\/h3>\n\n\n\n<p class=\"has-text-align-left wp-block-paragraph\">Det var sjovt engang. Men en dag holdt det sjove op og blev til et mega problem som har potentiale til at dr\u00e6be dig.<\/p>\n<\/div>\n\n\n\n<div class=\"wp-block-column is-layout-flow wp-container-core-column-is-layout-da384c3e wp-block-column-is-layout-flow\">\n<h3 class=\"wp-block-heading has-text-align-left is-style-asterisk has-body-font-family has-medium-font-size\" style=\"font-style:normal;font-weight:700\">To dage du ikke m\u00e5 frygte<\/h3>\n\n\n\n<p class=\"has-text-align-left wp-block-paragraph\">Den ene er i g\u00e5r. I g\u00e5r er for evigt borte, du kan ikke \u00e6ndre et komma p\u00e5 i g\u00e5r &#8211; I morgen, den er endnu ikke f\u00f8dt, s\u00e5 den <strong><em>kan<\/em><\/strong> du ikke forsvare at frygte.<\/p>\n<\/div>\n<\/div>\n\n\n\n<div style=\"height:var(--wp--preset--spacing--20)\" aria-hidden=\"true\" class=\"wp-block-spacer\"><\/div>\n\n\n\n<div class=\"wp-block-columns alignwide is-layout-flex wp-container-core-columns-is-layout-d525a65d wp-block-columns-is-layout-flex\">\n<div class=\"wp-block-column is-layout-flow wp-container-core-column-is-layout-da384c3e wp-block-column-is-layout-flow\">\n<h3 class=\"wp-block-heading has-text-align-left is-style-asterisk has-body-font-family has-medium-font-size\" style=\"font-style:normal;font-weight:700\">Misbrug er mange ting<\/h3>\n\n\n\n<p class=\"has-text-align-left wp-block-paragraph\">Der findes s\u00e5 utallige former for misbrug at det ville kr\u00e6ve en enorm anstrengelse at n\u00e6vne blot halvdelen. Uanset hvilket misbrug du har dyrket, s\u00e5 er det f\u00f8rst og fremmest dine k\u00e6re du har misbrugt mest.<\/p>\n<\/div>\n\n\n\n<div class=\"wp-block-column is-layout-flow wp-container-core-column-is-layout-da384c3e wp-block-column-is-layout-flow\">\n<h3 class=\"wp-block-heading has-text-align-left is-style-asterisk has-body-font-family has-medium-font-size\" style=\"font-style:normal;font-weight:700\">Det handler <strong><em>ikke<\/em><\/strong> om <strong><em>trang<\/em><\/strong>, men om <strong><em>valg<\/em><\/strong><\/h3>\n\n\n\n<p class=\"has-text-align-left wp-block-paragraph\">Intet menneske <strong><em>tr\u00e6nger<\/em><\/strong> til at flygte fra verden gennem en rus. Det er et <strong><em>aktivt<\/em><\/strong> <strong><em>valg<\/em><\/strong> du tr\u00e6ffer, p\u00e5 grund af manglende mod til at se livet i \u00f8jnene.<\/p>\n<\/div>\n\n\n\n<div class=\"wp-block-column is-layout-flow wp-container-core-column-is-layout-da384c3e wp-block-column-is-layout-flow\">\n<h3 class=\"wp-block-heading has-text-align-left is-style-asterisk has-body-font-family has-medium-font-size\" style=\"font-style:normal;font-weight:700\">Bunden <strong><em>skal<\/em><\/strong> n\u00e5es i det endelige fald<\/h3>\n\n\n\n<p class=\"has-text-align-left wp-block-paragraph\">N\u00e5r du ikke din personlige bund, hvad skal du s\u00e5 bruge til at s\u00e6tte af fra for at komme til overfladen igen?<\/p>\n<\/div>\n<\/div>\n<\/div>\n\n\n\n<div class=\"wp-block-group alignfull has-global-padding is-layout-constrained wp-container-core-group-is-layout-36f65c2d wp-block-group-is-layout-constrained\" style=\"margin-top:0;margin-bottom:0;padding-top:var(--wp--preset--spacing--50);padding-right:var(--wp--preset--spacing--50);padding-bottom:var(--wp--preset--spacing--50);padding-left:var(--wp--preset--spacing--50)\">\n<div class=\"wp-block-group alignwide has-global-padding is-layout-constrained wp-container-core-group-is-layout-90edb088 wp-block-group-is-layout-constrained\">\n<div class=\"wp-block-group is-vertical is-content-justification-center is-layout-flex wp-container-core-group-is-layout-5ef3efcf wp-block-group-is-layout-flex\">\n<h2 class=\"wp-block-heading has-text-align-center is-style-asterisk\">Verden er fuld af tilgivelse<\/h2>\n\n\n\n<p class=\"has-text-align-center wp-block-paragraph\"><em><strong>Gud, giv mig SINDSRO\u00a0til at acceptere de ting, jeg ikke kan \u00e6ndre,<\/strong><\/em><\/p>\n\n\n\n<p class=\"has-text-align-center wp-block-paragraph\"><em><strong> MOD\u00a0til at \u00e6ndre de ting, jeg kan,\u00a0<\/strong><\/em><\/p>\n\n\n\n<p class=\"has-text-align-center wp-block-paragraph\"><em><strong>og VISDOM til at se forskellen, tak<\/strong><\/em><\/p>\n<\/div>\n\n\n\n<div style=\"height:var(--wp--preset--spacing--40)\" aria-hidden=\"true\" class=\"wp-block-spacer\"><\/div>\n\n\n\n<div class=\"wp-block-columns alignwide is-layout-flex wp-container-core-columns-is-layout-189a6e74 wp-block-columns-is-layout-flex\">\n<div class=\"wp-block-column is-vertically-aligned-center is-layout-flow wp-block-column-is-layout-flow\" style=\"flex-basis:40%\">\n<h3 class=\"wp-block-heading is-style-asterisk\">Hj\u00e6lp til at stoppe<\/h3>\n\n\n\n<ul style=\"line-height:1.75\" class=\"wp-block-list is-style-checkmark-list\">\n<li><a href=\"https:\/\/anonyme-alkoholikere.dk\/\" target=\"_blank\" rel=\"noreferrer noopener\">Anonyme Alkoholikere Danmark<\/a><\/li>\n\n\n\n<li><a href=\"https:\/\/www.danskmisbrugsbehandling.dk\/paaroerende\/\" target=\"_blank\" rel=\"noreferrer noopener\">Misbrugslinjen<\/a><\/li>\n\n\n\n<li><a href=\"https:\/\/www.nadanmark.dk\/\" target=\"_blank\" rel=\"noreferrer noopener\">Narcotics Anonymous<\/a><\/li>\n<\/ul>\n<\/div>\n\n\n\n<div class=\"wp-block-column is-layout-flow wp-block-column-is-layout-flow\" style=\"flex-basis:50%\">\n<figure class=\"wp-block-image aligncenter size-full is-resized is-style-rounded is-style-rounded--1\"><img loading=\"lazy\" decoding=\"async\" width=\"512\" height=\"658\" src=\"https:\/\/jimmyfj.dk\/wp-content\/uploads\/2025\/03\/gettingsoberbyownneed.jpg\" alt=\"\" class=\"wp-image-291\" style=\"width:320px;height:auto\" srcset=\"https:\/\/jimmyfj.dk\/wp-content\/uploads\/2025\/03\/gettingsoberbyownneed.jpg 512w, https:\/\/jimmyfj.dk\/wp-content\/uploads\/2025\/03\/gettingsoberbyownneed-233x300.jpg 233w\" sizes=\"auto, (max-width: 512px) 100vw, 512px\" \/><\/figure>\n<\/div>\n<\/div>\n\n\n\n<div style=\"height:var(--wp--preset--spacing--40)\" aria-hidden=\"true\" class=\"wp-block-spacer\"><\/div>\n\n\n\n<div class=\"wp-block-columns alignwide is-layout-flex wp-container-core-columns-is-layout-189a6e74 wp-block-columns-is-layout-flex\">\n<div class=\"wp-block-column is-layout-flow wp-block-column-is-layout-flow\" style=\"flex-basis:50%\">\n<figure class=\"wp-block-image aligncenter size-large is-resized is-style-rounded is-style-rounded--2\"><img loading=\"lazy\" decoding=\"async\" width=\"576\" height=\"1024\" src=\"https:\/\/jimmyfj.dk\/wp-content\/uploads\/2025\/08\/misbrugkamskeforalle-576x1024.jpeg\" alt=\"\" class=\"wp-image-394\" style=\"aspect-ratio:0.5625020282330034;width:332px;height:auto\" srcset=\"https:\/\/jimmyfj.dk\/wp-content\/uploads\/2025\/08\/misbrugkamskeforalle-576x1024.jpeg 576w, https:\/\/jimmyfj.dk\/wp-content\/uploads\/2025\/08\/misbrugkamskeforalle-169x300.jpeg 169w, https:\/\/jimmyfj.dk\/wp-content\/uploads\/2025\/08\/misbrugkamskeforalle-768x1365.jpeg 768w, https:\/\/jimmyfj.dk\/wp-content\/uploads\/2025\/08\/misbrugkamskeforalle-864x1536.jpeg 864w, https:\/\/jimmyfj.dk\/wp-content\/uploads\/2025\/08\/misbrugkamskeforalle.jpeg 1080w\" sizes=\"auto, (max-width: 576px) 100vw, 576px\" \/><\/figure>\n<\/div>\n\n\n\n<div class=\"wp-block-column is-vertically-aligned-center is-layout-flow wp-block-column-is-layout-flow\" style=\"flex-basis:40%\">\n<h3 class=\"wp-block-heading is-style-asterisk\">Behandling af misbrug<\/h3>\n\n\n\n<ul style=\"line-height:1.75\" class=\"wp-block-list is-style-checkmark-list\">\n<li><a href=\"https:\/\/www.tjele.com\/\" target=\"_blank\" rel=\"noreferrer noopener\">Behandlingscenter Tjele<\/a><\/li>\n\n\n\n<li><a href=\"https:\/\/frederikshavn.dk\/borger\/sundhed-omsorg-og-handicap\/sundhed-og-sygdom\/rusmiddelbehandling\" target=\"_blank\" rel=\"noreferrer noopener\">Behandlingscenter Frederikshavn<\/a><\/li>\n\n\n\n<li><a href=\"https:\/\/www.danskmisbrugsbehandling.dk\/alkoholmisbrug\/behandlingssteder\/alkoholbehandling-aalborg\/\" target=\"_blank\" rel=\"noreferrer noopener\">Behandlingscenter Aalborg<\/a><\/li>\n<\/ul>\n<\/div>\n<\/div>\n<\/div>\n<\/div>\n\n\n\n<div class=\"wp-block-group alignfull has-base-color has-contrast-background-color has-text-color has-background has-global-padding is-layout-constrained wp-container-core-group-is-layout-248f7c56 wp-block-group-is-layout-constrained\" style=\"margin-top:0;margin-bottom:0;padding-top:var(--wp--preset--spacing--60);padding-right:var(--wp--preset--spacing--60);padding-bottom:var(--wp--preset--spacing--60);padding-left:var(--wp--preset--spacing--60)\">\n<div class=\"wp-block-group has-global-padding is-layout-constrained wp-block-group-is-layout-constrained\">\n<p class=\"has-text-align-center has-base-color has-text-color has-heading-font-family has-x-large-font-size wp-block-paragraph\" style=\"line-height:1.2\">&#8220;Det er ikke en skam at v\u00e6re alkoholiker &#8211; Det er en skam ikke at g\u00f8re noget aktivt for at stoppe misbruget&#8221;<\/p>\n\n\n\n<div style=\"height:var(--wp--preset--spacing--10)\" aria-hidden=\"true\" class=\"wp-block-spacer\"><\/div>\n\n\n\n<div class=\"wp-block-group is-vertical is-content-justification-center is-nowrap is-layout-flex wp-container-core-group-is-layout-e42cfab0 wp-block-group-is-layout-flex\">\n\n\n<p class=\"has-text-align-center wp-block-paragraph\" style=\"margin-top:var(--wp--preset--spacing--10);margin-bottom:0\">Webmaster<\/p>\n\n\n\n<p class=\"has-text-align-center has-contrast-3-color has-text-color has-small-font-size wp-block-paragraph\" style=\"font-style:normal;font-weight:300\">Jimmy Frydk\u00e6r Jensen<\/p>\n<\/div>\n<\/div>\n<\/div>\n\n\n\n<div class=\"wp-block-group alignfull has-global-padding is-layout-constrained wp-container-core-group-is-layout-36f65c2d wp-block-group-is-layout-constrained\" style=\"margin-top:0;margin-bottom:0;padding-top:var(--wp--preset--spacing--50);padding-right:var(--wp--preset--spacing--50);padding-bottom:var(--wp--preset--spacing--50);padding-left:var(--wp--preset--spacing--50)\">\n<h2 class=\"wp-block-heading alignwide has-x-large-font-size\" style=\"margin-top:0;margin-bottom:var(--wp--preset--spacing--40);line-height:1\">Watch, Read, Listen<\/h2>\n\n\n\n<div class=\"wp-block-group alignwide has-global-padding is-layout-constrained wp-block-group-is-layout-constrained\">\n<div class=\"wp-block-query alignwide is-layout-flow wp-block-query-is-layout-flow\">\n\n\n<div style=\"height:var(--wp--preset--spacing--30)\" aria-hidden=\"true\" class=\"wp-block-spacer\"><\/div>\n\n\n\n\n<div class=\"wp-block-query-no-results\">\n\n<p class=\"wp-block-paragraph\">No posts were found.<\/p>\n\n<\/div><\/div>\n<\/div>\n<\/div>\n\n\n\n<div class=\"wp-block-group alignfull has-global-padding is-layout-constrained wp-container-core-group-is-layout-36f65c2d wp-block-group-is-layout-constrained\" style=\"margin-top:0;margin-bottom:0;padding-top:var(--wp--preset--spacing--50);padding-right:var(--wp--preset--spacing--50);padding-bottom:var(--wp--preset--spacing--50);padding-left:var(--wp--preset--spacing--50)\">\n<div class=\"wp-block-group alignwide has-base-2-background-color has-background has-global-padding is-layout-constrained wp-container-core-group-is-layout-4e81a00d wp-block-group-is-layout-constrained\" style=\"border-radius:16px;padding-top:var(--wp--preset--spacing--40);padding-right:var(--wp--preset--spacing--50);padding-bottom:var(--wp--preset--spacing--40);padding-left:var(--wp--preset--spacing--50)\">\n<div style=\"height:var(--wp--preset--spacing--10)\" aria-hidden=\"true\" class=\"wp-block-spacer\"><\/div>\n\n\n\n<h2 class=\"wp-block-heading has-text-align-center has-x-large-font-size\">Join 900+ subscribers<\/h2>\n\n\n\n<p class=\"has-text-align-center wp-block-paragraph\">Stay in the loop with everything you need to know.<\/p>\n\n\n\n<div class=\"wp-block-buttons is-content-justification-center is-layout-flex wp-container-core-buttons-is-layout-0aa01211 wp-block-buttons-is-layout-flex\">\n<div class=\"wp-block-button\"><a class=\"wp-block-button__link wp-element-button\">Sign up<\/a><\/div>\n<\/div>\n\n\n\n<div style=\"height:var(--wp--preset--spacing--10)\" aria-hidden=\"true\" class=\"wp-block-spacer\"><\/div>\n<\/div>\n<\/div>\n","protected":false},"excerpt":{"rendered":"<p>Har du et misbrug af rusmidler? Fortvivl ikke! Et misbrug er ikke en station\u00e6r tilstand &#8211; Du kan stoppe i det \u00f8jeblik du \u00f8nsker at tr\u00e6de ind i et liv uden misbrug Vejen ud af et misbrug kr\u00e6ver ikke andet end det f\u00f8rste skridt \u00d8nsker du at stoppe et misbrug s\u00e5 er det eneste det [&hellip;]<\/p>\n","protected":false},"author":1,"featured_media":0,"parent":0,"menu_order":0,"comment_status":"closed","ping_status":"closed","template":"","meta":{"_crdt_document":"","footnotes":""},"class_list":["post-458","page","type-page","status-publish","hentry"],"_links":{"self":[{"href":"https:\/\/jimmyfj.dk\/index.php\/wp-json\/wp\/v2\/pages\/458","targetHints":{"allow":["GET"]}}],"collection":[{"href":"https:\/\/jimmyfj.dk\/index.php\/wp-json\/wp\/v2\/pages"}],"about":[{"href":"https:\/\/jimmyfj.dk\/index.php\/wp-json\/wp\/v2\/types\/page"}],"author":[{"embeddable":true,"href":"https:\/\/jimmyfj.dk\/index.php\/wp-json\/wp\/v2\/users\/1"}],"replies":[{"embeddable":true,"href":"https:\/\/jimmyfj.dk\/index.php\/wp-json\/wp\/v2\/comments?post=458"}],"version-history":[{"count":30,"href":"https:\/\/jimmyfj.dk\/index.php\/wp-json\/wp\/v2\/pages\/458\/revisions"}],"predecessor-version":[{"id":578,"href":"https:\/\/jimmyfj.dk\/index.php\/wp-json\/wp\/v2\/pages\/458\/revisions\/578"}],"wp:attachment":[{"href":"https:\/\/jimmyfj.dk\/index.php\/wp-json\/wp\/v2\/media?parent=458"}],"curies":[{"name":"wp","href":"https:\/\/api.w.org\/{rel}","templated":true}]}}